{"id":2614,"date":"2020-04-22T17:06:33","date_gmt":"2020-04-22T17:06:33","guid":{"rendered":"http:\/\/grancanariagolf.com\/?page_id=2614"},"modified":"2024-05-20T18:24:20","modified_gmt":"2024-05-20T18:24:20","slug":"gran-canaria","status":"publish","type":"page","link":"https:\/\/grancanariagolf.com\/de\/gran-canaria\/","title":{"rendered":"Gran Canaria"},"content":{"rendered":"\t\t<div data-elementor-type=\"wp-page\" data-elementor-id=\"2614\" class=\"elementor elementor-2614\" data-elementor-post-type=\"page\">\n\t\t\t\t\t\t<section class=\"elementor-section elementor-top-section elementor-element elementor-element-34f73807 elementor-section-content-top elementor-section-full_width elementor-section-height-default elementor-section-height-default\" data-id=\"34f73807\" data-element_type=\"section\" data-e-type=\"section\" data-settings=\"{&quot;background_background&quot;:&quot;classic&quot;}\">\n\t\t\t\t\t\t<div class=\"elementor-container elementor-column-gap-default\">\n\t\t\t\t\t<div class=\"elementor-column elementor-col-100 elementor-top-column elementor-element elementor-element-782757a9\" data-id=\"782757a9\" data-element_type=\"column\" data-e-type=\"column\">\n\t\t\t<div class=\"elementor-widget-wrap elementor-element-populated\">\n\t\t\t\t\t\t<div class=\"elementor-element elementor-element-4201fa67 elementor--h-position-center elementor--v-position-middle elementor-arrows-position-inside elementor-widget elementor-widget-slides\" data-id=\"4201fa67\" data-element_type=\"widget\" data-e-type=\"widget\" data-settings=\"{&quot;navigation&quot;:&quot;arrows&quot;,&quot;autoplay&quot;:&quot;yes&quot;,&quot;pause_on_hover&quot;:&quot;yes&quot;,&quot;pause_on_interaction&quot;:&quot;yes&quot;,&quot;autoplay_speed&quot;:5000,&quot;infinite&quot;:&quot;yes&quot;,&quot;transition&quot;:&quot;slide&quot;,&quot;transition_speed&quot;:500}\" data-widget_type=\"slides.default\">\n\t\t\t\t<div class=\"elementor-widget-container\">\n\t\t\t\t\t\t\t\t\t<div class=\"elementor-swiper\">\n\t\t\t\t\t<div class=\"elementor-slides-wrapper elementor-main-swiper swiper\" role=\"region\" aria-roledescription=\"carousel\" aria-label=\"Slider\" dir=\"ltr\" data-animation=\"fadeInUp\">\n\t\t\t\t<div class=\"swiper-wrapper elementor-slides\">\n\t\t\t\t\t\t\t\t\t\t<div class=\"elementor-repeater-item-c7863f1 swiper-slide\" role=\"group\" aria-roledescription=\"slide\"><div class=\"swiper-slide-bg\" role=\"img\" aria-label=\"Gran Canaria Blue\"><\/div><div class=\"swiper-slide-inner\" ><div class=\"swiper-slide-contents\"><div class=\"elementor-slide-heading\">365 Strandtage im Jahr<\/div><\/div><\/div><\/div><div class=\"elementor-repeater-item-07203b9 swiper-slide\" role=\"group\" aria-roledescription=\"slide\"><div class=\"swiper-slide-bg\" role=\"img\" aria-label=\"fe35ca2fbf6754e517233\"><\/div><div class=\"swiper-slide-inner\" ><div class=\"swiper-slide-contents\"><div class=\"elementor-slide-heading\">Lassen Sie sich verw\u00f6hnen<\/div><\/div><\/div><\/div><div class=\"elementor-repeater-item-7216b47 swiper-slide\" role=\"group\" aria-roledescription=\"slide\"><div class=\"swiper-slide-bg\" role=\"img\" aria-label=\"gc-historia-slide\"><\/div><div class=\"swiper-slide-inner\" ><div class=\"swiper-slide-contents\"><div class=\"elementor-slide-heading\">Erbe des gr\u00f6\u00dften Abenteuers der Geschichte<\/div><\/div><\/div><\/div>\t\t\t\t<\/div>\n\t\t\t\t\t\t\t\t\t\t\t\t\t\t\t<div class=\"elementor-swiper-button elementor-swiper-button-prev\" role=\"button\" tabindex=\"0\" aria-label=\"Vorheriger Slide\">\n\t\t\t\t\t\t\t<i aria-hidden=\"true\" class=\"eicon-chevron-left\"><\/i>\t\t\t\t\t\t<\/div>\n\t\t\t\t\t\t<div class=\"elementor-swiper-button elementor-swiper-button-next\" role=\"button\" tabindex=\"0\" aria-label=\"N\u00e4chster Slide\">\n\t\t\t\t\t\t\t<i aria-hidden=\"true\" class=\"eicon-chevron-right\"><\/i>\t\t\t\t\t\t<\/div>\n\t\t\t\t\t\t\t\t\t\t\t\t\t\t\t\t\t<\/div>\n\t\t\t\t<\/div>\n\t\t\t\t\t\t\t\t<\/div>\n\t\t\t\t<\/div>\n\t\t\t\t\t<\/div>\n\t\t<\/div>\n\t\t\t\t\t<\/div>\n\t\t<\/section>\n\t\t\t\t<section class=\"elementor-section elementor-top-section elementor-element elementor-element-69c1a6e8 elementor-section-boxed elementor-section-height-default elementor-section-height-default\" data-id=\"69c1a6e8\" data-element_type=\"section\" data-e-type=\"section\">\n\t\t\t\t\t\t<div class=\"elementor-container elementor-column-gap-default\">\n\t\t\t\t\t<div class=\"elementor-column elementor-col-100 elementor-top-column elementor-element elementor-element-4bb9436c\" data-id=\"4bb9436c\" data-element_type=\"column\" data-e-type=\"column\">\n\t\t\t<div class=\"elementor-widget-wrap elementor-element-populated\">\n\t\t\t\t\t\t<section class=\"elementor-section elementor-inner-section elementor-element elementor-element-340acd27 elementor-section-boxed elementor-section-height-default elementor-section-height-default\" data-id=\"340acd27\" data-element_type=\"section\" data-e-type=\"section\">\n\t\t\t\t\t\t<div class=\"elementor-container elementor-column-gap-default\">\n\t\t\t\t\t<div class=\"elementor-column elementor-col-100 elementor-inner-column elementor-element elementor-element-ed12299\" data-id=\"ed12299\" data-element_type=\"column\" data-e-type=\"column\">\n\t\t\t<div class=\"elementor-widget-wrap elementor-element-populated\">\n\t\t\t\t\t\t<div class=\"elementor-element elementor-element-6121ffeb elementor-widget elementor-widget-heading\" data-id=\"6121ffeb\" data-element_type=\"widget\" data-e-type=\"widget\" data-widget_type=\"heading.default\">\n\t\t\t\t<div class=\"elementor-widget-container\">\n\t\t\t\t\t<h2 class=\"elementor-heading-title elementor-size-default\">Gran Canaria<\/h2>\t\t\t\t<\/div>\n\t\t\t\t<\/div>\n\t\t\t\t<div class=\"elementor-element elementor-element-5c9fe1e6 elementor-widget elementor-widget-text-editor\" data-id=\"5c9fe1e6\" data-element_type=\"widget\" data-e-type=\"widget\" data-widget_type=\"text-editor.default\">\n\t\t\t\t<div class=\"elementor-widget-container\">\n\t\t\t\t\t\t\t\t\t<p>Die ausgesprochene Vielfalt an geografi schen Merkmalen auf Gran Canaria, die hervorragenden Str\u00e4nde, die einzigartigen historischen, kulturellen und gastronomischen Besonderheiten, sowie das Angebot an Unterk\u00fcnften und Hotels jeder Preisklasse haben unsere Insel zum bevorzugten Urlaubsort f\u00fcr all diejenigen gemacht, die ihre freien Tage einmal anders verbringen wollen: Nicht zu weit weg von Zuhause und mit allen Annehmlichkeiten eines EU-Landes. Dennoch k\u00f6nnen Sie bei uns jeden Tag ein St\u00fcck von einer ganz neuen Welt der Sensationen mit allen Ihren Sinnen wahrnehmen.<\/p><p>Golf spielen auf Gran Canaria ist mehr als einfach nur Sport zu treiben, es ist sogar eine Tradition, die bis ins Jahr 1891 zur\u00fcckreicht. Zu dieser Zeit wurde der Real Club de Golf de Las Palmas begr\u00fcndet; und dies als erster seiner Art in ganz Europa.<\/p>\t\t\t\t\t\t\t\t<\/div>\n\t\t\t\t<\/div>\n\t\t\t\t\t<\/div>\n\t\t<\/div>\n\t\t\t\t\t<\/div>\n\t\t<\/section>\n\t\t\t\t\t<\/div>\n\t\t<\/div>\n\t\t\t\t\t<\/div>\n\t\t<\/section>\n\t\t\t\t<section class=\"elementor-section elementor-top-section elementor-element elementor-element-46349bff elementor-section-height-min-height elementor-section-boxed elementor-section-height-default elementor-section-items-middle\" data-id=\"46349bff\" data-element_type=\"section\" data-e-type=\"section\" data-settings=\"{&quot;background_background&quot;:&quot;classic&quot;}\">\n\t\t\t\t\t\t\t<div class=\"elementor-background-overlay\"><\/div>\n\t\t\t\t\t\t\t<div class=\"elementor-container elementor-column-gap-default\">\n\t\t\t\t\t<div class=\"elementor-column elementor-col-100 elementor-top-column elementor-element elementor-element-5a3de6e8\" data-id=\"5a3de6e8\" data-element_type=\"column\" data-e-type=\"column\">\n\t\t\t<div class=\"elementor-widget-wrap elementor-element-populated\">\n\t\t\t\t\t\t<section class=\"elementor-section elementor-inner-section elementor-element elementor-element-16baac2c elementor-section-boxed elementor-section-height-default elementor-section-height-default\" data-id=\"16baac2c\" data-element_type=\"section\" data-e-type=\"section\">\n\t\t\t\t\t\t<div class=\"elementor-container elementor-column-gap-default\">\n\t\t\t\t\t<div class=\"elementor-column elementor-col-100 elementor-inner-column elementor-element elementor-element-177db54f\" data-id=\"177db54f\" data-element_type=\"column\" data-e-type=\"column\">\n\t\t\t<div class=\"elementor-widget-wrap elementor-element-populated\">\n\t\t\t\t\t\t<div class=\"elementor-element elementor-element-7eccc77e elementor-widget elementor-widget-heading\" data-id=\"7eccc77e\" data-element_type=\"widget\" data-e-type=\"widget\" data-widget_type=\"heading.default\">\n\t\t\t\t<div class=\"elementor-widget-container\">\n\t\t\t\t\t<h2 class=\"elementor-heading-title elementor-size-default\">365 Strandtage im Jahr<\/h2>\t\t\t\t<\/div>\n\t\t\t\t<\/div>\n\t\t\t\t<div class=\"elementor-element elementor-element-4e12c24a elementor-widget elementor-widget-text-editor\" data-id=\"4e12c24a\" data-element_type=\"widget\" data-e-type=\"widget\" data-widget_type=\"text-editor.default\">\n\t\t\t\t<div class=\"elementor-widget-container\">\n\t\t\t\t\t\t\t\t\t<div class=\"page\" title=\"Page 23\"><div class=\"section\"><div class=\"layoutArea\"><div class=\"column\"><div class=\"page\" title=\"Page 60\"><div class=\"section\"><div class=\"layoutArea\"><div class=\"column\"><p>Im Winter wie im Sommer scheint bei uns die Sonne und es gibt ganze 128 Str\u00e4nde zur Auswahl. Str\u00e4nde mit kristallklarem Wasser und goldenem feinen Sand oder dunklem Vulkansand. Einsame ruhige Buchten, die nur auf dem Meerweg oder \u00fcber eindrucksvolle Schluchten hinweg zu erreichen sind. Alle sind sicher und haben sauberes, klares Wasser. Schalten Sie einmal richtig ab und machen Sie lange Spazierg\u00e4nge. Das Licht und das Gef\u00fchl von Freiheit werden ein wahrer Balsam f\u00fcr Ihre Seele sein. Diejenigen, die ein urbaneres Leben bevorzugen, finden bei uns zudem den sch\u00f6nsten Strandstrand des Archipels. F\u00fchlen Sie sich ganz wie zuhause, nur einen Sprung entfernt vom neuesten Terrassenlokal oder dem beliebtesten Restaurant. Und dies in einer Stadt, die ihrem Besucher stets ein L\u00e4cheln ins Gesicht zaubert.<\/p><\/div><\/div><\/div><\/div><\/div><\/div><\/div><\/div>\t\t\t\t\t\t\t\t<\/div>\n\t\t\t\t<\/div>\n\t\t\t\t\t<\/div>\n\t\t<\/div>\n\t\t\t\t\t<\/div>\n\t\t<\/section>\n\t\t\t\t\t<\/div>\n\t\t<\/div>\n\t\t\t\t\t<\/div>\n\t\t<\/section>\n\t\t\t\t<section class=\"elementor-section elementor-top-section elementor-element elementor-element-3974a7ac elementor-section-boxed elementor-section-height-default elementor-section-height-default\" data-id=\"3974a7ac\" data-element_type=\"section\" data-e-type=\"section\">\n\t\t\t\t\t\t<div class=\"elementor-container elementor-column-gap-default\">\n\t\t\t\t\t<div class=\"elementor-column elementor-col-100 elementor-top-column elementor-element elementor-element-4b33ec5\" data-id=\"4b33ec5\" data-element_type=\"column\" data-e-type=\"column\">\n\t\t\t<div class=\"elementor-widget-wrap elementor-element-populated\">\n\t\t\t\t\t\t<div class=\"elementor-element elementor-element-1833e9ea elementor-widget elementor-widget-heading\" data-id=\"1833e9ea\" data-element_type=\"widget\" data-e-type=\"widget\" data-widget_type=\"heading.default\">\n\t\t\t\t<div class=\"elementor-widget-container\">\n\t\t\t\t\t<h2 class=\"elementor-heading-title elementor-size-default\">Qu\u00e9 hacer en Gran Canaria.<\/h2>\t\t\t\t<\/div>\n\t\t\t\t<\/div>\n\t\t\t\t<div class=\"elementor-element elementor-element-c69548c elementor-widget elementor-widget-text-editor\" data-id=\"c69548c\" data-element_type=\"widget\" data-e-type=\"widget\" data-widget_type=\"text-editor.default\">\n\t\t\t\t<div class=\"elementor-widget-container\">\n\t\t\t\t\t\t\t\t\t<p>Nuestra Isla es un aute\u0301ntico \u201cParque Tema\u0301tico\u201d pensado para la diversio\u0301n. Playas seguras, centros de ocio, parques acua\u0301ticos y tema\u0301ticos, rutas en camello, submarinos, barcos piratas\u00a0y un sinfi\u0301n de posibilidades que garantizan la diversio\u0301n de pequen\u0303os y mayores. La pra\u0301ctica de deportes y actividades al aire libre en la luminosidad de los largos di\u0301as combina con una cosmopolita vida nocturna. La magia\u00a0del carnaval, las terrazas, casinos, salas de especta\u0301culos y fiestas populares aseguran la diversio\u0301n para todos los gustos.<\/p>\t\t\t\t\t\t\t\t<\/div>\n\t\t\t\t<\/div>\n\t\t\t\t<div class=\"elementor-element elementor-element-20b6499 elementor-align-center elementor-widget elementor-widget-button\" data-id=\"20b6499\" data-element_type=\"widget\" data-e-type=\"widget\" data-widget_type=\"button.default\">\n\t\t\t\t<div class=\"elementor-widget-container\">\n\t\t\t\t\t\t\t\t\t<div class=\"elementor-button-wrapper\">\n\t\t\t\t\t<a class=\"elementor-button elementor-button-link elementor-size-sm\" href=\"http:\/\/www.grancanaria.com\" target=\"_blank\">\n\t\t\t\t\t\t<span class=\"elementor-button-content-wrapper\">\n\t\t\t\t\t\t\t\t\t<span class=\"elementor-button-text\">M\u00c1S INFORMACI\u00d3N<\/span>\n\t\t\t\t\t<\/span>\n\t\t\t\t\t<\/a>\n\t\t\t\t<\/div>\n\t\t\t\t\t\t\t\t<\/div>\n\t\t\t\t<\/div>\n\t\t\t\t\t<\/div>\n\t\t<\/div>\n\t\t\t\t\t<\/div>\n\t\t<\/section>\n\t\t\t\t<section class=\"elementor-section elementor-top-section elementor-element elementor-element-548f2afc elementor-section-height-min-height elementor-section-boxed elementor-section-height-default elementor-section-items-middle\" data-id=\"548f2afc\" data-element_type=\"section\" data-e-type=\"section\" data-settings=\"{&quot;background_background&quot;:&quot;classic&quot;}\">\n\t\t\t\t\t\t\t<div class=\"elementor-background-overlay\"><\/div>\n\t\t\t\t\t\t\t<div class=\"elementor-container elementor-column-gap-default\">\n\t\t\t\t\t<div class=\"elementor-column elementor-col-100 elementor-top-column elementor-element elementor-element-435a9627\" data-id=\"435a9627\" data-element_type=\"column\" data-e-type=\"column\">\n\t\t\t<div class=\"elementor-widget-wrap elementor-element-populated\">\n\t\t\t\t\t\t<section class=\"elementor-section elementor-inner-section elementor-element elementor-element-313afaeb elementor-section-boxed elementor-section-height-default elementor-section-height-default\" data-id=\"313afaeb\" data-element_type=\"section\" data-e-type=\"section\">\n\t\t\t\t\t\t<div class=\"elementor-container elementor-column-gap-default\">\n\t\t\t\t\t<div class=\"elementor-column elementor-col-100 elementor-inner-column elementor-element elementor-element-b77f897\" data-id=\"b77f897\" data-element_type=\"column\" data-e-type=\"column\">\n\t\t\t<div class=\"elementor-widget-wrap elementor-element-populated\">\n\t\t\t\t\t\t<div class=\"elementor-element elementor-element-5ebd7d0c elementor-widget elementor-widget-heading\" data-id=\"5ebd7d0c\" data-element_type=\"widget\" data-e-type=\"widget\" data-widget_type=\"heading.default\">\n\t\t\t\t<div class=\"elementor-widget-container\">\n\t\t\t\t\t<h2 class=\"elementor-heading-title elementor-size-default\">Alojamientos recomendados.<\/h2>\t\t\t\t<\/div>\n\t\t\t\t<\/div>\n\t\t\t\t<div class=\"elementor-element elementor-element-10fab75c elementor-widget elementor-widget-text-editor\" data-id=\"10fab75c\" data-element_type=\"widget\" data-e-type=\"widget\" data-widget_type=\"text-editor.default\">\n\t\t\t\t<div class=\"elementor-widget-container\">\n\t\t\t\t\t\t\t\t\t<p>Gran Canaria ofrece a los jugadores de golf una extensa oferta de instalaciones hoteleras donde disfrutar de una agradable estancia, aprovechando los excelentes servicios que ofrecen estas instalaciones.<\/p>\t\t\t\t\t\t\t\t<\/div>\n\t\t\t\t<\/div>\n\t\t\t\t<div class=\"elementor-element elementor-element-69569f06 elementor-align-center elementor-widget elementor-widget-button\" data-id=\"69569f06\" data-element_type=\"widget\" data-e-type=\"widget\" data-widget_type=\"button.default\">\n\t\t\t\t<div class=\"elementor-widget-container\">\n\t\t\t\t\t\t\t\t\t<div class=\"elementor-button-wrapper\">\n\t\t\t\t\t<a class=\"elementor-button elementor-button-link elementor-size-sm\" href=\"\/hoteles\">\n\t\t\t\t\t\t<span class=\"elementor-button-content-wrapper\">\n\t\t\t\t\t\t\t\t\t<span class=\"elementor-button-text\">VER TODOS LOS HOTELES<\/span>\n\t\t\t\t\t<\/span>\n\t\t\t\t\t<\/a>\n\t\t\t\t<\/div>\n\t\t\t\t\t\t\t\t<\/div>\n\t\t\t\t<\/div>\n\t\t\t\t\t<\/div>\n\t\t<\/div>\n\t\t\t\t\t<\/div>\n\t\t<\/section>\n\t\t\t\t\t<\/div>\n\t\t<\/div>\n\t\t\t\t\t<\/div>\n\t\t<\/section>\n\t\t\t\t<\/div>\n\t\t","protected":false},"excerpt":{"rendered":"<p>365 Strandtage im JahrLassen Sie sich verw\u00f6hnenErbe des gr\u00f6\u00dften Abenteuers der Geschichte Diapositiva anterior Diapositiva siguiente Gran Canaria Die ausgesprochene Vielfalt an geografi schen Merkmalen auf Gran Canaria, die hervorragenden Str\u00e4nde, die einzigartigen historischen, kulturellen und gastronomischen Besonderheiten, sowie das Angebot an Unterk\u00fcnften und Hotels jeder Preisklasse haben unsere Insel zum bevorzugten Urlaubsort f\u00fcr all [&hellip;]<\/p>\n","protected":false},"author":1,"featured_media":0,"parent":0,"menu_order":0,"comment_status":"closed","ping_status":"closed","template":"elementor_header_footer","meta":{"footnotes":"","_links_to":"","_links_to_target":""},"class_list":["post-2614","page","type-page","status-publish","hentry"],"_links":{"self":[{"href":"https:\/\/grancanariagolf.com\/de\/wp-json\/wp\/v2\/pages\/2614","targetHints":{"allow":["GET"]}}],"collection":[{"href":"https:\/\/grancanariagolf.com\/de\/wp-json\/wp\/v2\/pages"}],"about":[{"href":"https:\/\/grancanariagolf.com\/de\/wp-json\/wp\/v2\/types\/page"}],"author":[{"embeddable":true,"href":"https:\/\/grancanariagolf.com\/de\/wp-json\/wp\/v2\/users\/1"}],"replies":[{"embeddable":true,"href":"https:\/\/grancanariagolf.com\/de\/wp-json\/wp\/v2\/comments?post=2614"}],"version-history":[{"count":7,"href":"https:\/\/grancanariagolf.com\/de\/wp-json\/wp\/v2\/pages\/2614\/revisions"}],"predecessor-version":[{"id":7827,"href":"https:\/\/grancanariagolf.com\/de\/wp-json\/wp\/v2\/pages\/2614\/revisions\/7827"}],"wp:attachment":[{"href":"https:\/\/grancanariagolf.com\/de\/wp-json\/wp\/v2\/media?parent=2614"}],"curies":[{"name":"wp","href":"https:\/\/api.w.org\/{rel}","templated":true}]}}